{"id":3224,"date":"2023-01-11T11:52:27","date_gmt":"2023-01-11T11:52:27","guid":{"rendered":"https:\/\/kodedijital.com\/en\/?page_id=3224"},"modified":"2023-01-28T09:36:06","modified_gmt":"2023-01-28T09:36:06","slug":"services","status":"publish","type":"page","link":"https:\/\/kodedijital.com\/en\/services\/","title":{"rendered":"Services"},"content":{"rendered":"\t\t<div data-elementor-type=\"wp-page\" data-elementor-id=\"3224\" class=\"elementor elementor-3224\">\n\t\t\t\t\t\t\t\t\t<section class=\"elementor-section elementor-top-section elementor-element elementor-element-1a5c7e8 elementor-section-full_width elementor-section-height-default elementor-section-height-default\" data-id=\"1a5c7e8\" data-element_type=\"section\">\n\t\t\t\t\t\t<div class=\"elementor-container elementor-column-gap-no\">\n\t\t\t\t\t<div class=\"elementor-column elementor-col-100 elementor-top-column elementor-element elementor-element-efcb7d0\" data-id=\"efcb7d0\" data-element_type=\"column\">\n\t\t\t<div class=\"elementor-widget-wrap elementor-element-populated\">\n\t\t\t\t\t\t\t\t<div class=\"elementor-element elementor-element-52f0e14 elementor-widget elementor-widget-wavee_service\" data-id=\"52f0e14\" data-element_type=\"widget\" data-widget_type=\"wavee_service.default\">\n\t\t\t\t<div class=\"elementor-widget-container\">\n\t\t\t<div class=\"services_area sec_pad\">\r\n    <div class=\"intro\">\r\n        <div class=\"container custom_container\">\r\n            <div class=\"row justify-content-center\">\r\n                <div class=\"col-xl-7\">\r\n                    <div class=\"sec_title text-center\">\r\n                        <h2 class=\"s_section_title\">Services<\/h2><p>We love technology, story and designing beautiful brands.<\/p>\n                    <\/div>\r\n                <\/div>\r\n            <\/div>\r\n            <div class=\"row\">\r\n                                    <div class=\"col-lg-4 col-md-6\">\r\n                        <div class=\"scroll_service_item\">\r\n                            <img loading=\"lazy\" decoding=\"async\" width=\"491\" height=\"491\" src=\"https:\/\/kodedijital.com\/en\/wp-content\/uploads\/2020\/02\/domain-1.svg\" class=\"icon p_absoulte wp-post-image\" alt=\"\" \/>                                <a href=\"https:\/\/kodedijital.com\/en\/services\/seo-services\/\">\r\n                                    <h3>SEO Services<\/h3>\r\n                                <\/a>\r\n                                                            <p>SEO Services Social Media Management Web design SE...<\/p>\r\n                                                                <a href=\"https:\/\/kodedijital.com\/en\/services\/seo-services\/\" class=\"p_btn\">\r\n                                        View Details                                    <\/a>\r\n                                                            <\/div>\r\n                    <\/div>\r\n                                    <div class=\"col-lg-4 col-md-6\">\r\n                        <div class=\"scroll_service_item\">\r\n                            <img loading=\"lazy\" decoding=\"async\" width=\"491\" height=\"491\" src=\"https:\/\/kodedijital.com\/en\/wp-content\/uploads\/2020\/02\/chart-1.svg\" class=\"icon p_absoulte wp-post-image\" alt=\"\" \/>                                <a href=\"https:\/\/kodedijital.com\/en\/services\/social-media-management\/\">\r\n                                    <h3>Social Media Management<\/h3>\r\n                                <\/a>\r\n                                                            <p>Social Media Management SEO Services Web design So...<\/p>\r\n                                                                <a href=\"https:\/\/kodedijital.com\/en\/services\/social-media-management\/\" class=\"p_btn\">\r\n                                        View Details                                    <\/a>\r\n                                                            <\/div>\r\n                    <\/div>\r\n                                    <div class=\"col-lg-4 col-md-6\">\r\n                        <div class=\"scroll_service_item\">\r\n                            <img loading=\"lazy\" decoding=\"async\" width=\"491\" height=\"491\" src=\"https:\/\/kodedijital.com\/en\/wp-content\/uploads\/2020\/02\/profile-1.svg\" class=\"icon p_absoulte wp-post-image\" alt=\"\" \/>                                <a href=\"https:\/\/kodedijital.com\/en\/services\/web-design\/\">\r\n                                    <h3>Web Design<\/h3>\r\n                                <\/a>\r\n                                                            <p>Web design SEO Services Social Media Management We...<\/p>\r\n                                                                <a href=\"https:\/\/kodedijital.com\/en\/services\/web-design\/\" class=\"p_btn\">\r\n                                        View Details                                    <\/a>\r\n                                                            <\/div>\r\n                    <\/div>\r\n                            <\/div>\r\n        <\/div>\r\n    <\/div>\r\n<\/div>\t\t<\/div>\n\t\t\t\t<\/div>\n\t\t\t\t\t<\/div>\n\t\t<\/div>\n\t\t\t\t\t\t\t<\/div>\n\t\t<\/section>\n\t\t\t\t\t\t\t<\/div>\n\t\t","protected":false},"excerpt":{"rendered":"<p>Services We love technology, story and designing beautiful brands. SEO Hizmetleri &nbsp; SEO Hizmetleri Sosyal Medya Y\u00f6netimi Web Tasar\u0131m&#8230; View Details Sosyal Medya Y\u00f6netimi &nbsp; Sosyal Medya Y\u00f6netimi Web Tasar\u0131m SEO Hizmetleri&#8230; View Details Web Tasar\u0131m &nbsp; Web Tasar\u0131m SEO Hizmetleri Sosyal Medya Y\u00f6netimi&#8230; View Details<\/p>\n","protected":false},"author":1,"featured_media":0,"parent":0,"menu_order":0,"comment_status":"closed","ping_status":"closed","template":"page-fullwidth.php","meta":{"inline_featured_image":false,"footnotes":""},"class_list":["post-3224","page","type-page","status-publish","hentry"],"acf":[],"yoast_head":"<!-- This site is optimized with the Yoast SEO plugin v20.0 - https:\/\/yoast.com\/wordpress\/plugins\/seo\/ -->\n<title>Services - Kode Dijital<\/title>\n<meta name=\"robots\" content=\"index, follow, max-snippet:-1, max-image-preview:large, max-video-preview:-1\" \/>\n<link rel=\"canonical\" href=\"https:\/\/kodedijital.com\/en\/services\/\" \/>\n<meta property=\"og:locale\" content=\"en_US\" \/>\n<meta property=\"og:type\" content=\"article\" \/>\n<meta property=\"og:title\" content=\"Services - Kode Dijital\" \/>\n<meta property=\"og:description\" content=\"Services We love technology, story and designing beautiful brands. SEO Hizmetleri &nbsp; SEO Hizmetleri Sosyal Medya Y\u00f6netimi Web Tasar\u0131m&#8230; View Details Sosyal Medya Y\u00f6netimi &nbsp; Sosyal Medya Y\u00f6netimi Web Tasar\u0131m SEO Hizmetleri&#8230; View Details Web Tasar\u0131m &nbsp; Web Tasar\u0131m SEO Hizmetleri Sosyal Medya Y\u00f6netimi&#8230; View Details\" \/>\n<meta property=\"og:url\" content=\"https:\/\/kodedijital.com\/en\/services\/\" \/>\n<meta property=\"og:site_name\" content=\"Kode Dijital\" \/>\n<meta property=\"article:modified_time\" content=\"2023-01-28T09:36:06+00:00\" \/>\n<meta property=\"og:image\" content=\"https:\/\/kodedijital.com\/en\/wp-content\/uploads\/2020\/02\/domain-1.svg\" \/>\n<meta name=\"twitter:card\" content=\"summary_large_image\" \/>\n<meta name=\"twitter:label1\" content=\"Est. reading time\" \/>\n\t<meta name=\"twitter:data1\" content=\"1 minute\" \/>\n<script type=\"application\/ld+json\" class=\"yoast-schema-graph\">{\"@context\":\"https:\/\/schema.org\",\"@graph\":[{\"@type\":\"WebPage\",\"@id\":\"https:\/\/kodedijital.com\/en\/services\/\",\"url\":\"https:\/\/kodedijital.com\/en\/services\/\",\"name\":\"Services - Kode Dijital\",\"isPartOf\":{\"@id\":\"https:\/\/kodedijital.com\/en\/#website\"},\"datePublished\":\"2023-01-11T11:52:27+00:00\",\"dateModified\":\"2023-01-28T09:36:06+00:00\",\"breadcrumb\":{\"@id\":\"https:\/\/kodedijital.com\/en\/services\/#breadcrumb\"},\"inLanguage\":\"en-US\",\"potentialAction\":[{\"@type\":\"ReadAction\",\"target\":[\"https:\/\/kodedijital.com\/en\/services\/\"]}]},{\"@type\":\"BreadcrumbList\",\"@id\":\"https:\/\/kodedijital.com\/en\/services\/#breadcrumb\",\"itemListElement\":[{\"@type\":\"ListItem\",\"position\":1,\"name\":\"Anasayfa\",\"item\":\"https:\/\/kodedijital.com\/en\/\"},{\"@type\":\"ListItem\",\"position\":2,\"name\":\"Services\"}]},{\"@type\":\"WebSite\",\"@id\":\"https:\/\/kodedijital.com\/en\/#website\",\"url\":\"https:\/\/kodedijital.com\/en\/\",\"name\":\"Kode Dijital\",\"description\":\"Kode Dijital\",\"publisher\":{\"@id\":\"https:\/\/kodedijital.com\/en\/#organization\"},\"potentialAction\":[{\"@type\":\"SearchAction\",\"target\":{\"@type\":\"EntryPoint\",\"urlTemplate\":\"https:\/\/kodedijital.com\/en\/?s={search_term_string}\"},\"query-input\":\"required name=search_term_string\"}],\"inLanguage\":\"en-US\"},{\"@type\":\"Organization\",\"@id\":\"https:\/\/kodedijital.com\/en\/#organization\",\"name\":\"Kode Dijital\",\"url\":\"https:\/\/kodedijital.com\/en\/\",\"logo\":{\"@type\":\"ImageObject\",\"inLanguage\":\"en-US\",\"@id\":\"https:\/\/kodedijital.com\/en\/#\/schema\/logo\/image\/\",\"url\":\"https:\/\/kodedijital.com\/en\/wp-content\/uploads\/2023\/01\/kode-logo-w.svg\",\"contentUrl\":\"https:\/\/kodedijital.com\/en\/wp-content\/uploads\/2023\/01\/kode-logo-w.svg\",\"width\":2796,\"height\":543,\"caption\":\"Kode Dijital\"},\"image\":{\"@id\":\"https:\/\/kodedijital.com\/en\/#\/schema\/logo\/image\/\"}}]}<\/script>\n<!-- \/ Yoast SEO plugin. -->","yoast_head_json":{"title":"Services - Kode Dijital","robots":{"index":"index","follow":"follow","max-snippet":"max-snippet:-1","max-image-preview":"max-image-preview:large","max-video-preview":"max-video-preview:-1"},"canonical":"https:\/\/kodedijital.com\/en\/services\/","og_locale":"en_US","og_type":"article","og_title":"Services - Kode Dijital","og_description":"Services We love technology, story and designing beautiful brands. SEO Hizmetleri &nbsp; SEO Hizmetleri Sosyal Medya Y\u00f6netimi Web Tasar\u0131m&#8230; View Details Sosyal Medya Y\u00f6netimi &nbsp; Sosyal Medya Y\u00f6netimi Web Tasar\u0131m SEO Hizmetleri&#8230; View Details Web Tasar\u0131m &nbsp; Web Tasar\u0131m SEO Hizmetleri Sosyal Medya Y\u00f6netimi&#8230; View Details","og_url":"https:\/\/kodedijital.com\/en\/services\/","og_site_name":"Kode Dijital","article_modified_time":"2023-01-28T09:36:06+00:00","og_image":[{"url":"https:\/\/kodedijital.com\/en\/wp-content\/uploads\/2020\/02\/domain-1.svg"}],"twitter_card":"summary_large_image","twitter_misc":{"Est. reading time":"1 minute"},"schema":{"@context":"https:\/\/schema.org","@graph":[{"@type":"WebPage","@id":"https:\/\/kodedijital.com\/en\/services\/","url":"https:\/\/kodedijital.com\/en\/services\/","name":"Services - Kode Dijital","isPartOf":{"@id":"https:\/\/kodedijital.com\/en\/#website"},"datePublished":"2023-01-11T11:52:27+00:00","dateModified":"2023-01-28T09:36:06+00:00","breadcrumb":{"@id":"https:\/\/kodedijital.com\/en\/services\/#breadcrumb"},"inLanguage":"en-US","potentialAction":[{"@type":"ReadAction","target":["https:\/\/kodedijital.com\/en\/services\/"]}]},{"@type":"BreadcrumbList","@id":"https:\/\/kodedijital.com\/en\/services\/#breadcrumb","itemListElement":[{"@type":"ListItem","position":1,"name":"Anasayfa","item":"https:\/\/kodedijital.com\/en\/"},{"@type":"ListItem","position":2,"name":"Services"}]},{"@type":"WebSite","@id":"https:\/\/kodedijital.com\/en\/#website","url":"https:\/\/kodedijital.com\/en\/","name":"Kode Dijital","description":"Kode Dijital","publisher":{"@id":"https:\/\/kodedijital.com\/en\/#organization"},"potentialAction":[{"@type":"SearchAction","target":{"@type":"EntryPoint","urlTemplate":"https:\/\/kodedijital.com\/en\/?s={search_term_string}"},"query-input":"required name=search_term_string"}],"inLanguage":"en-US"},{"@type":"Organization","@id":"https:\/\/kodedijital.com\/en\/#organization","name":"Kode Dijital","url":"https:\/\/kodedijital.com\/en\/","logo":{"@type":"ImageObject","inLanguage":"en-US","@id":"https:\/\/kodedijital.com\/en\/#\/schema\/logo\/image\/","url":"https:\/\/kodedijital.com\/en\/wp-content\/uploads\/2023\/01\/kode-logo-w.svg","contentUrl":"https:\/\/kodedijital.com\/en\/wp-content\/uploads\/2023\/01\/kode-logo-w.svg","width":2796,"height":543,"caption":"Kode Dijital"},"image":{"@id":"https:\/\/kodedijital.com\/en\/#\/schema\/logo\/image\/"}}]}},"_links":{"self":[{"href":"https:\/\/kodedijital.com\/en\/wp-json\/wp\/v2\/pages\/3224","targetHints":{"allow":["GET"]}}],"collection":[{"href":"https:\/\/kodedijital.com\/en\/wp-json\/wp\/v2\/pages"}],"about":[{"href":"https:\/\/kodedijital.com\/en\/wp-json\/wp\/v2\/types\/page"}],"author":[{"embeddable":true,"href":"https:\/\/kodedijital.com\/en\/wp-json\/wp\/v2\/users\/1"}],"replies":[{"embeddable":true,"href":"https:\/\/kodedijital.com\/en\/wp-json\/wp\/v2\/comments?post=3224"}],"version-history":[{"count":15,"href":"https:\/\/kodedijital.com\/en\/wp-json\/wp\/v2\/pages\/3224\/revisions"}],"predecessor-version":[{"id":8375,"href":"https:\/\/kodedijital.com\/en\/wp-json\/wp\/v2\/pages\/3224\/revisions\/8375"}],"wp:attachment":[{"href":"https:\/\/kodedijital.com\/en\/wp-json\/wp\/v2\/media?parent=3224"}],"curies":[{"name":"wp","href":"https:\/\/api.w.org\/{rel}","templated":true}]}}